{"id":50,"date":"2015-05-22T20:15:47","date_gmt":"2015-05-22T20:15:47","guid":{"rendered":"http:\/\/kammerchor.kantorei.it\/?page_id=50"},"modified":"2025-04-25T16:56:24","modified_gmt":"2025-04-25T16:56:24","slug":"chorleiter","status":"publish","type":"page","link":"http:\/\/kammerchor.kantorei.it\/index.php\/leitung\/chorleiter\/","title":{"rendered":"Die ehemaligen Chorleiter"},"content":{"rendered":"\n<h3 class=\"wp-block-heading\">P. Oswald Jaeggi, OSB<\/h3>\n\n\n\n<p><strong>Leiter des Kammerchores 1952 &#8211; 1963<\/strong><\/p>\n\n\n<div class=\"wp-block-image\">\n<figure class=\"alignleft is-resized\"><img decoding=\"async\" src=\"https:\/\/web.archive.org\/web\/20140817070621im_\/http:\/\/1.bp.blogspot.com\/-PE8KVfoF46s\/UVxU8wPIEbI\/AAAAAAAAA9I\/4Okre7YtGkU\/s320\/jaeggi1.jpg\" alt=\"\" style=\"width:292px;height:auto\"\/><\/figure>\n<\/div>\n\n\n<p>Im Jahre 1950 kam der aus dem Kloster Einsiedeln stammende <a href=\"https:\/\/kantorei.it\/index.php\/oswald-jaeggi-1913-1963\/\"><strong>P. Oswald Jaeggi OSB<\/strong> <\/a>nach Muri-Gries, um den damaligen Kirchenmusiker Anton Mayr in seiner musikalischen Arbeit zu unterst\u00fctzen. Nach dem Tod von <a href=\"https:\/\/kantorei.it\/index.php\/dr-anton-mayr\/\"><strong>Anton Mayr<\/strong> <\/a>sah er sich vor die Aufgabe gestellt, sein Erbe zu \u00fcbernehmen und weiterzuf\u00fchren. 13 Jahre lang wirkte er als Chorleiter, Komponist und Organist.<\/p>\n\n\n\n<p>Am 25. April 1963 starb P. Oswald Jaeggi unerwartet mit 50 Jahren am H\u00f6hepunkt seiner Schaffenskraft und seiner musikalischen Laufbahn. Sein Wirken als Chorerzieher und Komponist beeinflusste nachhaltig die Chorszene S\u00fcdtirols und dar\u00fcber hinaus!<strong><br><\/strong><\/p>\n\n\n\n<h3 class=\"wp-block-heading\">Prof. Johanna Blum<\/h3>\n\n\n\n<p><strong>Leiterin des Kammerchores 1963 &#8211; 1971<\/strong><\/p>\n\n\n<div class=\"wp-block-image\">\n<figure class=\"alignleft\"><img decoding=\"async\" src=\"http:\/\/www.fembio.org\/images\/biografien\/Johanna_Blum.jpg\" alt=\"\"\/><\/figure>\n<\/div>\n\n\n<p><strong>Prof. Johanna Blum<\/strong> war Organistin, Chorleiterin und Musikp\u00e4dagogin. In Bozen gr\u00fcndete Johanna Blum bald nach Kriegsende eine private Kindersingschule, aus der sp\u00e4ter der &#8222;Bozner Kinderchor&#8220; hervorging. 1953 wurden sowohl die Kindersingschule als auch der <strong><a href=\"https:\/\/kantorei.it\/index.php\/kinderchor-der-kantorei\/\">Kinderchor<\/a><\/strong> der Kantorei L. Lechner eingegliedert. Als Johanna Blum ab 1951 an der Lehrer:innenbildungsanstalt und sp\u00e4ter bei den Kinderg\u00e4rtnerinnen zu unterrichten begann, baute sie auch dort einen Chor auf, der bei einem nationalen Chorwettbewerb zweimal hintereinander den ersten Preis errang.&nbsp;<\/p>\n\n\n\n<p>Blum war immer unterwegs, im Einsatz f\u00fcr ihr Lebenswerk, den Aufbau der deutschen Musikschule in S\u00fcdtirol. Unerm\u00fcdlich kn\u00fcpfte sie als Koordinatorin Kontakte und f\u00fchrte unz\u00e4hlige Gespr\u00e4che, um das Interesse an der Musik zu wecken und zu f\u00f6rdern.<\/p>\n\n\n\n<p>Seit der Gr\u00fcndung des Kammerchores war Johanna Blum als Sopranistin mit dabei. Nach dem Tod von P. Oswald Jaeggi OSB \u00fcbernahm sie die Leitung des Chores (1963).<\/p>\n\n\n\n<p>An Ehrungen, die sich alle auf ihr Engagement f\u00fcr den Aufbau der deutschen Musikschule bezogen, mangelte es ihr nicht: Verdienstkreuz des Landes Tirols 1979, der \u00bbWalther-von-der-Vogelweide-Preis\u00ab 1973, das Goldene Verdienstabzeichen des Verbandes S\u00fcdtiroler Musikkapellen, die Lassus-Medaille des Allgemeinen C\u00e4cilienverbandes f\u00fcr ihre Verdienste um die Kirchen- und Chormusik u. a. m.<\/p>\n\n\n\n<h3 class=\"wp-block-heading\">Willi Seebacher<\/h3>\n\n\n\n<p><strong>Leiter des Kammerchores 1971 \u2013 1992<\/strong><\/p>\n\n\n<div class=\"wp-block-image\">\n<figure class=\"alignleft size-large is-resized\"><a href=\"https:\/\/kammerchor.kantorei.it\/wp-content\/uploads\/2025\/04\/Foto-Willi-Seebacher-1-scaled.jpg\"><img loading=\"lazy\" decoding=\"async\" width=\"1002\" height=\"1024\" src=\"https:\/\/kammerchor.kantorei.it\/wp-content\/uploads\/2025\/04\/Foto-Willi-Seebacher-1-1002x1024.jpg\" alt=\"\" class=\"wp-image-1126\" style=\"width:248px;height:auto\" srcset=\"http:\/\/kammerchor.kantorei.it\/wp-content\/uploads\/2025\/04\/Foto-Willi-Seebacher-1-1002x1024.jpg 1002w, http:\/\/kammerchor.kantorei.it\/wp-content\/uploads\/2025\/04\/Foto-Willi-Seebacher-1-293x300.jpg 293w, http:\/\/kammerchor.kantorei.it\/wp-content\/uploads\/2025\/04\/Foto-Willi-Seebacher-1-768x785.jpg 768w, http:\/\/kammerchor.kantorei.it\/wp-content\/uploads\/2025\/04\/Foto-Willi-Seebacher-1-1502x1536.jpg 1502w, http:\/\/kammerchor.kantorei.it\/wp-content\/uploads\/2025\/04\/Foto-Willi-Seebacher-1-2003x2048.jpg 2003w\" sizes=\"auto, (max-width: 1002px) 100vw, 1002px\" \/><\/a><\/figure>\n<\/div>\n\n\n<p>Geboren 1938 in Kastelruth, kam <strong>Willi Seebacher<\/strong> schon im Kindesalter zur Musikkapelle Seis, wo er Klarinette spielte. Der gelernte Zahntechniker entschied sich schon bald f\u00fcr eine Musiklaufbahn und bildete sich bei P. Oswald Jaeggi OSB in Musiktheorie weiter. Er studierte am Bozner Konservatorium Kirchenmusik und Kontrapunkt; am Mozarteum Salzburg war Cesar Bresgen sein Lehrer in Komposition. 1965 erwarb Willi Seebacher das Diplom f\u00fcr Musikerziehung. An verschiedenen S\u00fcdtiroler Musikschulen unterrichtete er Klarinette, Blockfl\u00f6te und Singen. Von 1981 bis zu seiner Pensionierung 2001 war er auch Inspektor am Institut f\u00fcr Musikerziehung.&nbsp;<\/p>\n\n\n\n<p>Bereits unter P. Oswald Jaeggi sang er als Tenor im Kammerchor Leonhard Lechner mit. 1971 \u00fcbernahm er von Prof. Johanna Blum die Leitung und hatte sie bis Ende 1992 inne.&nbsp;<\/p>\n\n\n\n<h3 class=\"wp-block-heading\">P. Urban Stillhard, OSB<\/h3>\n\n\n\n<p><strong>Leiter des Kammerchores 1993<\/strong><\/p>\n\n\n<div class=\"wp-block-image\">\n<figure class=\"alignleft\"><a href=\"http:\/\/kammerchor.kantorei.it\/wp-content\/uploads\/2025\/03\/Foto-P.-Urban-Stillhard-erhalten-Maerz-2025_2.jpg\"><img loading=\"lazy\" decoding=\"async\" width=\"257\" height=\"300\" src=\"http:\/\/kammerchor.kantorei.it\/wp-content\/uploads\/2025\/03\/Foto-P.-Urban-Stillhard-erhalten-Maerz-2025_2-257x300.jpg\" alt=\"\" class=\"wp-image-1045\" srcset=\"http:\/\/kammerchor.kantorei.it\/wp-content\/uploads\/2025\/03\/Foto-P.-Urban-Stillhard-erhalten-Maerz-2025_2-257x300.jpg 257w, http:\/\/kammerchor.kantorei.it\/wp-content\/uploads\/2025\/03\/Foto-P.-Urban-Stillhard-erhalten-Maerz-2025_2-878x1024.jpg 878w, http:\/\/kammerchor.kantorei.it\/wp-content\/uploads\/2025\/03\/Foto-P.-Urban-Stillhard-erhalten-Maerz-2025_2-768x896.jpg 768w, http:\/\/kammerchor.kantorei.it\/wp-content\/uploads\/2025\/03\/Foto-P.-Urban-Stillhard-erhalten-Maerz-2025_2-1317x1536.jpg 1317w, http:\/\/kammerchor.kantorei.it\/wp-content\/uploads\/2025\/03\/Foto-P.-Urban-Stillhard-erhalten-Maerz-2025_2-1756x2048.jpg 1756w, http:\/\/kammerchor.kantorei.it\/wp-content\/uploads\/2025\/03\/Foto-P.-Urban-Stillhard-erhalten-Maerz-2025_2.jpg 1767w\" sizes=\"auto, (max-width: 257px) 100vw, 257px\" \/><\/a><\/figure>\n<\/div>\n\n\n<p><strong>P. Urban Stillhard OSB<\/strong> wurde 1954 in der Schweiz geboren und trat 1975 in das Kloster Muri-Gries ein. Er studierte Theologie und Musik (Kirchenmusik und Orgel) und war 35 Jahre lang Kirchenmusikreferent der Di\u00f6zese Bozen-Brixen. Bis Herbst 2022 leitete er auch die Di\u00f6zesane Orgelkommission. Dar\u00fcber hinaus war P. Urban Stillhard viele Jahre in mehreren kulturellen und musikalischen Gremien S\u00fcdtirols t\u00e4tig. Er ist k\u00fcnstlerischer Leiter der AGACH (Arbeitsgemeinschaft alpenl\u00e4ndischer Chorverb\u00e4nde) und langj\u00e4hriger Mitarbeiter in H\u00f6rfunk und Fernsehen von Rai S\u00fcdtirol.<\/p>\n\n\n\n<p>Mit der Kantorei Leonhard Lechner ist P. Urban Stillhard seit seinem Eintritt ins Kloster eng verbunden. Als erster Nachfolger von Dr. Karl Mitterdorfer leitete er die Kantorei L. Lechner von 1993 bis 2009 und hatte von J\u00e4nner bis Herbst 1993 auch die Leitung des Kammerchores Leonhard Lechner inne. Von 1995 bis 2018 war P. Urban Stillhard Leiter des <strong><a href=\"https:\/\/stiftspfarrchor.kantorei.it\/\">Stiftspfarrchores &#8222;St. Augustin&#8220; Gries<\/a><\/strong> und \u00fcbernahm 2023 von Fr. Arno Hagmann auch die <strong><a href=\"https:\/\/choralschola.kantorei.it\/\">Choralschola Griesensis<\/a><\/strong> als Choralmagister.<\/p>\n\n\n\n<h3 class=\"wp-block-heading\">Prof. Othmar Trenner<\/h3>\n\n\n\n<p class=\"has-text-align-left\"><strong>Leiter des Kammerchores 1994 &#8211; 2013<\/strong><\/p>\n\n\n<div class=\"wp-block-image\">\n<figure class=\"alignleft\"><a href=\"https:\/\/web.archive.org\/web\/20150522164654\/http:\/\/1.bp.blogspot.com\/-Mo1SOCyg_vA\/T_R5BwvsqKI\/AAAAAAAAAEA\/p1M4O741Aws\/s1600\/Scan_Pic0005.jpg\"><img decoding=\"async\" src=\"https:\/\/web.archive.org\/web\/20150522164654im_\/http:\/\/1.bp.blogspot.com\/-Mo1SOCyg_vA\/T_R5BwvsqKI\/AAAAAAAAAEA\/p1M4O741Aws\/s200\/Scan_Pic0005.jpg\" alt=\"Prof. Othmar Trenner\"\/><\/a><\/figure>\n<\/div>\n\n\n<p>In Deutschnofen geboren. Nach dem Abitur erwarb er das staatliche Klavierdiplom in Bozen und studierte anschlie\u00dfend am Mozarteum in Salzburg in der Kapellmeisterklasse Gesang, Klavier, Lied, Komposition und Chor.<\/p>\n\n\n\n<p>Seine Lehrer waren Tagliavini, Wimberger, Pflanzl, Bresgen, Werba und Maderna. Von 1968 bis 1973 arbeitete Trenner als Korrepetitor und Kapellmeister am Staatstheater in Wiesbaden. Von 1973 bis 1982 wirkte er als Dirigent des Haydn Orchesters von Bozen und Trient und war Lehrer f\u00fcr Partiturspiel am Bozner Musikkonservatorium. Von 1977 bis 1982 war er k\u00fcnstlerischer Leiter des Internationalen Festivals f\u00fcr geistliche Musik von Bozen und Trient.<\/p>\n\n\n\n<p>1975 assistierte Trenner in Bayreuth. 1982 kehrte er als Kapellmeister und Chordirektor an das Staatstheater von Wiesbaden zur\u00fcck. Von 1985 bis 1995 war er in derselben Position am Staatstheater von Augsburg t\u00e4tig. \u00dcber viele Jahre betreute er die am Bozner Konservatorium neu eingerichtete Klasse f\u00fcr Lied und Oratorium; bis 2013 leitete er auch den Kammerchor Leonhard Lechner.<br>Seine T\u00e4tigkeit als Dirigent, Chorleiter, Pianist und besonders als Liedbegleiter f\u00fchrten ihn u.a. nach Verona, Florenz, Rom, Mailand, Innsbruck, Salzburg, Graz, Wien, M\u00fcnchen, Wiesbaden, Darmstadt, Kassel und Z\u00fcrich.<\/p>\n\n\n\n<p><\/p>\n","protected":false},"excerpt":{"rendered":"<p>P. Oswald Jaeggi, OSB Leiter des Kammerchores 1952 &#8211; 1963 Im Jahre 1950 kam der aus dem Kloster Einsiedeln stammende P. Oswald Jaeggi OSB nach&#8230;<\/p>\n<div class=\"more-link-wrapper\"><a class=\"more-link\" href=\"http:\/\/kammerchor.kantorei.it\/index.php\/leitung\/chorleiter\/\">Weiterlesen<span class=\"screen-reader-text\">Die ehemaligen Chorleiter<\/span><\/a><\/div>\n","protected":false},"author":1,"featured_media":0,"parent":19,"menu_order":0,"comment_status":"closed","ping_status":"closed","template":"","meta":{"footnotes":""},"class_list":["post-50","page","type-page","status-publish","hentry","entry"],"yoast_head":"<!-- This site is optimized with the Yoast SEO plugin v27.5 - https:\/\/yoast.com\/product\/yoast-seo-wordpress\/ -->\n<title>Die ehemaligen Chorleiter - Kammerchor Leonhard Lechner<\/title>\n<meta name=\"robots\" content=\"index, follow, max-snippet:-1, max-image-preview:large, max-video-preview:-1\" \/>\n<link rel=\"canonical\" href=\"http:\/\/kammerchor.kantorei.it\/index.php\/leitung\/chorleiter\/\" \/>\n<meta property=\"og:locale\" content=\"de_DE\" \/>\n<meta property=\"og:type\" content=\"article\" \/>\n<meta property=\"og:title\" content=\"Die ehemaligen Chorleiter - Kammerchor Leonhard Lechner\" \/>\n<meta property=\"og:description\" content=\"P. Oswald Jaeggi, OSB Leiter des Kammerchores 1952 &#8211; 1963 Im Jahre 1950 kam der aus dem Kloster Einsiedeln stammende P. Oswald Jaeggi OSB nach&#8230;\" \/>\n<meta property=\"og:url\" content=\"http:\/\/kammerchor.kantorei.it\/index.php\/leitung\/chorleiter\/\" \/>\n<meta property=\"og:site_name\" content=\"Kammerchor Leonhard Lechner\" \/>\n<meta property=\"article:publisher\" content=\"https:\/\/www.facebook.com\/ChorLechner\/\" \/>\n<meta property=\"article:modified_time\" content=\"2025-04-25T16:56:24+00:00\" \/>\n<meta property=\"og:image\" content=\"https:\/\/web.archive.org\/web\/20140817070621im_\/http:\/\/1.bp.blogspot.com\/-PE8KVfoF46s\/UVxU8wPIEbI\/AAAAAAAAA9I\/4Okre7YtGkU\/s320\/jaeggi1.jpg\" \/>\n<meta name=\"twitter:card\" content=\"summary_large_image\" \/>\n<meta name=\"twitter:site\" content=\"@ChorLechner\" \/>\n<meta name=\"twitter:label1\" content=\"Gesch\u00e4tzte Lesezeit\" \/>\n\t<meta name=\"twitter:data1\" content=\"6\u00a0Minuten\" \/>\n<script type=\"application\/ld+json\" class=\"yoast-schema-graph\">{\"@context\":\"https:\\\/\\\/schema.org\",\"@graph\":[{\"@type\":\"WebPage\",\"@id\":\"http:\\\/\\\/kammerchor.kantorei.it\\\/index.php\\\/leitung\\\/chorleiter\\\/\",\"url\":\"http:\\\/\\\/kammerchor.kantorei.it\\\/index.php\\\/leitung\\\/chorleiter\\\/\",\"name\":\"Die ehemaligen Chorleiter - Kammerchor Leonhard Lechner\",\"isPartOf\":{\"@id\":\"https:\\\/\\\/kammerchor.kantorei.it\\\/#website\"},\"primaryImageOfPage\":{\"@id\":\"http:\\\/\\\/kammerchor.kantorei.it\\\/index.php\\\/leitung\\\/chorleiter\\\/#primaryimage\"},\"image\":{\"@id\":\"http:\\\/\\\/kammerchor.kantorei.it\\\/index.php\\\/leitung\\\/chorleiter\\\/#primaryimage\"},\"thumbnailUrl\":\"https:\\\/\\\/web.archive.org\\\/web\\\/20140817070621im_\\\/http:\\\/\\\/1.bp.blogspot.com\\\/-PE8KVfoF46s\\\/UVxU8wPIEbI\\\/AAAAAAAAA9I\\\/4Okre7YtGkU\\\/s320\\\/jaeggi1.jpg\",\"datePublished\":\"2015-05-22T20:15:47+00:00\",\"dateModified\":\"2025-04-25T16:56:24+00:00\",\"breadcrumb\":{\"@id\":\"http:\\\/\\\/kammerchor.kantorei.it\\\/index.php\\\/leitung\\\/chorleiter\\\/#breadcrumb\"},\"inLanguage\":\"de\",\"potentialAction\":[{\"@type\":\"ReadAction\",\"target\":[\"http:\\\/\\\/kammerchor.kantorei.it\\\/index.php\\\/leitung\\\/chorleiter\\\/\"]}]},{\"@type\":\"ImageObject\",\"inLanguage\":\"de\",\"@id\":\"http:\\\/\\\/kammerchor.kantorei.it\\\/index.php\\\/leitung\\\/chorleiter\\\/#primaryimage\",\"url\":\"https:\\\/\\\/web.archive.org\\\/web\\\/20140817070621im_\\\/http:\\\/\\\/1.bp.blogspot.com\\\/-PE8KVfoF46s\\\/UVxU8wPIEbI\\\/AAAAAAAAA9I\\\/4Okre7YtGkU\\\/s320\\\/jaeggi1.jpg\",\"contentUrl\":\"https:\\\/\\\/web.archive.org\\\/web\\\/20140817070621im_\\\/http:\\\/\\\/1.bp.blogspot.com\\\/-PE8KVfoF46s\\\/UVxU8wPIEbI\\\/AAAAAAAAA9I\\\/4Okre7YtGkU\\\/s320\\\/jaeggi1.jpg\"},{\"@type\":\"BreadcrumbList\",\"@id\":\"http:\\\/\\\/kammerchor.kantorei.it\\\/index.php\\\/leitung\\\/chorleiter\\\/#breadcrumb\",\"itemListElement\":[{\"@type\":\"ListItem\",\"position\":1,\"name\":\"Home\",\"item\":\"https:\\\/\\\/kammerchor.kantorei.it\\\/\"},{\"@type\":\"ListItem\",\"position\":2,\"name\":\"Leitung\",\"item\":\"https:\\\/\\\/kammerchor.kantorei.it\\\/index.php\\\/leitung\\\/\"},{\"@type\":\"ListItem\",\"position\":3,\"name\":\"Die ehemaligen Chorleiter\"}]},{\"@type\":\"WebSite\",\"@id\":\"https:\\\/\\\/kammerchor.kantorei.it\\\/#website\",\"url\":\"https:\\\/\\\/kammerchor.kantorei.it\\\/\",\"name\":\"Kammerchor Leonhard Lechner\",\"description\":\"Gries-Bozen, S\u00fcdtirol\",\"publisher\":{\"@id\":\"https:\\\/\\\/kammerchor.kantorei.it\\\/#organization\"},\"potentialAction\":[{\"@type\":\"SearchAction\",\"target\":{\"@type\":\"EntryPoint\",\"urlTemplate\":\"https:\\\/\\\/kammerchor.kantorei.it\\\/?s={search_term_string}\"},\"query-input\":{\"@type\":\"PropertyValueSpecification\",\"valueRequired\":true,\"valueName\":\"search_term_string\"}}],\"inLanguage\":\"de\"},{\"@type\":\"Organization\",\"@id\":\"https:\\\/\\\/kammerchor.kantorei.it\\\/#organization\",\"name\":\"Kammerchor Leonhard Lechner\",\"url\":\"https:\\\/\\\/kammerchor.kantorei.it\\\/\",\"logo\":{\"@type\":\"ImageObject\",\"inLanguage\":\"de\",\"@id\":\"https:\\\/\\\/kammerchor.kantorei.it\\\/#\\\/schema\\\/logo\\\/image\\\/\",\"url\":\"https:\\\/\\\/kammerchor.kantorei.it\\\/wp-content\\\/uploads\\\/2015\\\/06\\\/cropped-KKL_Website_Haeder_15-3.jpg\",\"contentUrl\":\"https:\\\/\\\/kammerchor.kantorei.it\\\/wp-content\\\/uploads\\\/2015\\\/06\\\/cropped-KKL_Website_Haeder_15-3.jpg\",\"width\":512,\"height\":512,\"caption\":\"Kammerchor Leonhard Lechner\"},\"image\":{\"@id\":\"https:\\\/\\\/kammerchor.kantorei.it\\\/#\\\/schema\\\/logo\\\/image\\\/\"},\"sameAs\":[\"https:\\\/\\\/www.facebook.com\\\/ChorLechner\\\/\",\"https:\\\/\\\/x.com\\\/ChorLechner\",\"https:\\\/\\\/www.instagram.com\\\/kammerchor_lechner\\\/\"]}]}<\/script>\n<!-- \/ Yoast SEO plugin. -->","yoast_head_json":{"title":"Die ehemaligen Chorleiter - Kammerchor Leonhard Lechner","robots":{"index":"index","follow":"follow","max-snippet":"max-snippet:-1","max-image-preview":"max-image-preview:large","max-video-preview":"max-video-preview:-1"},"canonical":"http:\/\/kammerchor.kantorei.it\/index.php\/leitung\/chorleiter\/","og_locale":"de_DE","og_type":"article","og_title":"Die ehemaligen Chorleiter - Kammerchor Leonhard Lechner","og_description":"P. Oswald Jaeggi, OSB Leiter des Kammerchores 1952 &#8211; 1963 Im Jahre 1950 kam der aus dem Kloster Einsiedeln stammende P. Oswald Jaeggi OSB nach&#8230;","og_url":"http:\/\/kammerchor.kantorei.it\/index.php\/leitung\/chorleiter\/","og_site_name":"Kammerchor Leonhard Lechner","article_publisher":"https:\/\/www.facebook.com\/ChorLechner\/","article_modified_time":"2025-04-25T16:56:24+00:00","og_image":[{"url":"https:\/\/web.archive.org\/web\/20140817070621im_\/http:\/\/1.bp.blogspot.com\/-PE8KVfoF46s\/UVxU8wPIEbI\/AAAAAAAAA9I\/4Okre7YtGkU\/s320\/jaeggi1.jpg","type":"","width":"","height":""}],"twitter_card":"summary_large_image","twitter_site":"@ChorLechner","twitter_misc":{"Gesch\u00e4tzte Lesezeit":"6\u00a0Minuten"},"schema":{"@context":"https:\/\/schema.org","@graph":[{"@type":"WebPage","@id":"http:\/\/kammerchor.kantorei.it\/index.php\/leitung\/chorleiter\/","url":"http:\/\/kammerchor.kantorei.it\/index.php\/leitung\/chorleiter\/","name":"Die ehemaligen Chorleiter - Kammerchor Leonhard Lechner","isPartOf":{"@id":"https:\/\/kammerchor.kantorei.it\/#website"},"primaryImageOfPage":{"@id":"http:\/\/kammerchor.kantorei.it\/index.php\/leitung\/chorleiter\/#primaryimage"},"image":{"@id":"http:\/\/kammerchor.kantorei.it\/index.php\/leitung\/chorleiter\/#primaryimage"},"thumbnailUrl":"https:\/\/web.archive.org\/web\/20140817070621im_\/http:\/\/1.bp.blogspot.com\/-PE8KVfoF46s\/UVxU8wPIEbI\/AAAAAAAAA9I\/4Okre7YtGkU\/s320\/jaeggi1.jpg","datePublished":"2015-05-22T20:15:47+00:00","dateModified":"2025-04-25T16:56:24+00:00","breadcrumb":{"@id":"http:\/\/kammerchor.kantorei.it\/index.php\/leitung\/chorleiter\/#breadcrumb"},"inLanguage":"de","potentialAction":[{"@type":"ReadAction","target":["http:\/\/kammerchor.kantorei.it\/index.php\/leitung\/chorleiter\/"]}]},{"@type":"ImageObject","inLanguage":"de","@id":"http:\/\/kammerchor.kantorei.it\/index.php\/leitung\/chorleiter\/#primaryimage","url":"https:\/\/web.archive.org\/web\/20140817070621im_\/http:\/\/1.bp.blogspot.com\/-PE8KVfoF46s\/UVxU8wPIEbI\/AAAAAAAAA9I\/4Okre7YtGkU\/s320\/jaeggi1.jpg","contentUrl":"https:\/\/web.archive.org\/web\/20140817070621im_\/http:\/\/1.bp.blogspot.com\/-PE8KVfoF46s\/UVxU8wPIEbI\/AAAAAAAAA9I\/4Okre7YtGkU\/s320\/jaeggi1.jpg"},{"@type":"BreadcrumbList","@id":"http:\/\/kammerchor.kantorei.it\/index.php\/leitung\/chorleiter\/#breadcrumb","itemListElement":[{"@type":"ListItem","position":1,"name":"Home","item":"https:\/\/kammerchor.kantorei.it\/"},{"@type":"ListItem","position":2,"name":"Leitung","item":"https:\/\/kammerchor.kantorei.it\/index.php\/leitung\/"},{"@type":"ListItem","position":3,"name":"Die ehemaligen Chorleiter"}]},{"@type":"WebSite","@id":"https:\/\/kammerchor.kantorei.it\/#website","url":"https:\/\/kammerchor.kantorei.it\/","name":"Kammerchor Leonhard Lechner","description":"Gries-Bozen, S\u00fcdtirol","publisher":{"@id":"https:\/\/kammerchor.kantorei.it\/#organization"},"potentialAction":[{"@type":"SearchAction","target":{"@type":"EntryPoint","urlTemplate":"https:\/\/kammerchor.kantorei.it\/?s={search_term_string}"},"query-input":{"@type":"PropertyValueSpecification","valueRequired":true,"valueName":"search_term_string"}}],"inLanguage":"de"},{"@type":"Organization","@id":"https:\/\/kammerchor.kantorei.it\/#organization","name":"Kammerchor Leonhard Lechner","url":"https:\/\/kammerchor.kantorei.it\/","logo":{"@type":"ImageObject","inLanguage":"de","@id":"https:\/\/kammerchor.kantorei.it\/#\/schema\/logo\/image\/","url":"https:\/\/kammerchor.kantorei.it\/wp-content\/uploads\/2015\/06\/cropped-KKL_Website_Haeder_15-3.jpg","contentUrl":"https:\/\/kammerchor.kantorei.it\/wp-content\/uploads\/2015\/06\/cropped-KKL_Website_Haeder_15-3.jpg","width":512,"height":512,"caption":"Kammerchor Leonhard Lechner"},"image":{"@id":"https:\/\/kammerchor.kantorei.it\/#\/schema\/logo\/image\/"},"sameAs":["https:\/\/www.facebook.com\/ChorLechner\/","https:\/\/x.com\/ChorLechner","https:\/\/www.instagram.com\/kammerchor_lechner\/"]}]}},"jetpack_sharing_enabled":true,"jetpack_shortlink":"https:\/\/wp.me\/Pa158u-O","_links":{"self":[{"href":"http:\/\/kammerchor.kantorei.it\/index.php\/wp-json\/wp\/v2\/pages\/50","targetHints":{"allow":["GET"]}}],"collection":[{"href":"http:\/\/kammerchor.kantorei.it\/index.php\/wp-json\/wp\/v2\/pages"}],"about":[{"href":"http:\/\/kammerchor.kantorei.it\/index.php\/wp-json\/wp\/v2\/types\/page"}],"author":[{"embeddable":true,"href":"http:\/\/kammerchor.kantorei.it\/index.php\/wp-json\/wp\/v2\/users\/1"}],"replies":[{"embeddable":true,"href":"http:\/\/kammerchor.kantorei.it\/index.php\/wp-json\/wp\/v2\/comments?post=50"}],"version-history":[{"count":45,"href":"http:\/\/kammerchor.kantorei.it\/index.php\/wp-json\/wp\/v2\/pages\/50\/revisions"}],"predecessor-version":[{"id":1184,"href":"http:\/\/kammerchor.kantorei.it\/index.php\/wp-json\/wp\/v2\/pages\/50\/revisions\/1184"}],"up":[{"embeddable":true,"href":"http:\/\/kammerchor.kantorei.it\/index.php\/wp-json\/wp\/v2\/pages\/19"}],"wp:attachment":[{"href":"http:\/\/kammerchor.kantorei.it\/index.php\/wp-json\/wp\/v2\/media?parent=50"}],"curies":[{"name":"wp","href":"https:\/\/api.w.org\/{rel}","templated":true}]}}