{"id":1155,"date":"2025-04-18T17:14:06","date_gmt":"2025-04-18T17:14:06","guid":{"rendered":"https:\/\/kammerchor.kantorei.it\/?page_id=1155"},"modified":"2025-04-26T21:09:20","modified_gmt":"2025-04-26T21:09:20","slug":"impressum","status":"publish","type":"page","link":"http:\/\/kammerchor.kantorei.it\/index.php\/impressum\/","title":{"rendered":"Impressum"},"content":{"rendered":"\n<p><strong>Kantorei Leonhard Lechner EO<\/strong><br>Grieser Platz Nr. 21 (Kloster Muri-Gries)<br>39100 BOZEN<br>Tel.: +39 338 1947120<br>E-Mail:&nbsp;<a href=\"mailto:info@kantorei.it\">info@kantorei.it<\/a><br>PEC: kantorei-l.lechner@pec.konmail.net<br>Web: www.kantorei.it<\/p>\n\n\n\n<p>Steuernummer: 800 218 20214<br>IBAN: IT 66 T 08081 11601 000301051199<\/p>\n\n\n\n<p><strong>Vorsitzende<\/strong><br>Heike Tschenett<br>Tel.: +39 349 8200740<br>E-Mail:&nbsp;<a href=\"mailto:heike.tschenett@rolmail.net\">heike.tschenett@rolmail.net<\/a><\/p>\n\n\n\n<p><\/p>\n\n\n\n<h1 class=\"wp-block-heading\">Inhalte<\/h1>\n\n\n\n<p>Die Inhalte dieser Website wurden mit gr\u00f6\u00dfter Sorgfalt erstellt. Der Verein \u00fcbernimmt jedoch keine Gew\u00e4hr f\u00fcr die Richtigkeit, Vollst\u00e4ndigkeit oder Aktualit\u00e4t der bereitgestellten Informationen. \u00c4nderungen oder Erg\u00e4nzungen der Inhalte k\u00f6nnen jederzeit und ohne vorherige Ank\u00fcndigung vorgenommen werden.<\/p>\n\n\n\n<p>Die Inhalte auf dieser Webseite sind gesch\u00fctzt und d\u00fcrfen in keinster Weise ohne Genehmigung unsererseits kopiert werden.<\/p>\n\n\n\n<p>Alle externen Links wurden zum Zeitpunkt der Linkerstellung auf gesetzlich nicht einwandfreie Inhalte \u00fcberpr\u00fcft. Wir sind f\u00fcr diese Links in keinster Weise verantwortlich.<\/p>\n\n\n\n<h1 class=\"wp-block-heading\">Bildnachweise<\/h1>\n\n\n\n<p>Alle auf dieser Website verwendeten Texte, Bilder, Fotos und Medieninhalte sind Eigentum des Vereins, seiner Mitglieder oder stammen aus dem vereinseigenen Archiv. Eine Verwendung durch Dritte \u2013 insbesondere die Vervielf\u00e4ltigung oder Weitergabe \u2013 ist nur mit ausdr\u00fccklicher Genehmigung gestattet.<\/p>\n\n\n\n<p><strong>Logo des Kammerchores Leonhard Lechner:<\/strong> Idee, grafischer Entwurf und digitale Einrichtung: Hermann Battisti<\/p>\n","protected":false},"excerpt":{"rendered":"<p>Kantorei Leonhard Lechner EOGrieser Platz Nr. 21 (Kloster Muri-Gries)39100 BOZENTel.: +39 338 1947120E-Mail:&nbsp;info@kantorei.itPEC: kantorei-l.lechner@pec.konmail.netWeb: www.kantorei.it Steuernummer: 800 218 20214IBAN: IT 66 T 08081 11601 000301051199&#8230;<\/p>\n<div class=\"more-link-wrapper\"><a class=\"more-link\" href=\"http:\/\/kammerchor.kantorei.it\/index.php\/impressum\/\">Weiterlesen<span class=\"screen-reader-text\">Impressum<\/span><\/a><\/div>\n","protected":false},"author":1,"featured_media":0,"parent":0,"menu_order":0,"comment_status":"closed","ping_status":"closed","template":"","meta":{"footnotes":""},"class_list":["post-1155","page","type-page","status-publish","hentry","entry"],"yoast_head":"<!-- This site is optimized with the Yoast SEO plugin v27.5 - https:\/\/yoast.com\/product\/yoast-seo-wordpress\/ -->\n<title>Impressum - Kammerchor Leonhard Lechner<\/title>\n<meta name=\"robots\" content=\"index, follow, max-snippet:-1, max-image-preview:large, max-video-preview:-1\" \/>\n<link rel=\"canonical\" href=\"http:\/\/kammerchor.kantorei.it\/index.php\/impressum\/\" \/>\n<meta property=\"og:locale\" content=\"de_DE\" \/>\n<meta property=\"og:type\" content=\"article\" \/>\n<meta property=\"og:title\" content=\"Impressum - Kammerchor Leonhard Lechner\" \/>\n<meta property=\"og:description\" content=\"Kantorei Leonhard Lechner EOGrieser Platz Nr. 21 (Kloster Muri-Gries)39100 BOZENTel.: +39 338 1947120E-Mail:&nbsp;info@kantorei.itPEC: kantorei-l.lechner@pec.konmail.netWeb: www.kantorei.it Steuernummer: 800 218 20214IBAN: IT 66 T 08081 11601 000301051199&#8230;\" \/>\n<meta property=\"og:url\" content=\"http:\/\/kammerchor.kantorei.it\/index.php\/impressum\/\" \/>\n<meta property=\"og:site_name\" content=\"Kammerchor Leonhard Lechner\" \/>\n<meta property=\"article:publisher\" content=\"https:\/\/www.facebook.com\/ChorLechner\/\" \/>\n<meta property=\"article:modified_time\" content=\"2025-04-26T21:09:20+00:00\" \/>\n<meta name=\"twitter:card\" content=\"summary_large_image\" \/>\n<meta name=\"twitter:site\" content=\"@ChorLechner\" \/>\n<meta name=\"twitter:label1\" content=\"Gesch\u00e4tzte Lesezeit\" \/>\n\t<meta name=\"twitter:data1\" content=\"1\u00a0Minute\" \/>\n<script type=\"application\/ld+json\" class=\"yoast-schema-graph\">{\"@context\":\"https:\\\/\\\/schema.org\",\"@graph\":[{\"@type\":\"WebPage\",\"@id\":\"http:\\\/\\\/kammerchor.kantorei.it\\\/index.php\\\/impressum\\\/\",\"url\":\"http:\\\/\\\/kammerchor.kantorei.it\\\/index.php\\\/impressum\\\/\",\"name\":\"Impressum - Kammerchor Leonhard Lechner\",\"isPartOf\":{\"@id\":\"https:\\\/\\\/kammerchor.kantorei.it\\\/#website\"},\"datePublished\":\"2025-04-18T17:14:06+00:00\",\"dateModified\":\"2025-04-26T21:09:20+00:00\",\"breadcrumb\":{\"@id\":\"http:\\\/\\\/kammerchor.kantorei.it\\\/index.php\\\/impressum\\\/#breadcrumb\"},\"inLanguage\":\"de\",\"potentialAction\":[{\"@type\":\"ReadAction\",\"target\":[\"http:\\\/\\\/kammerchor.kantorei.it\\\/index.php\\\/impressum\\\/\"]}]},{\"@type\":\"BreadcrumbList\",\"@id\":\"http:\\\/\\\/kammerchor.kantorei.it\\\/index.php\\\/impressum\\\/#breadcrumb\",\"itemListElement\":[{\"@type\":\"ListItem\",\"position\":1,\"name\":\"Home\",\"item\":\"https:\\\/\\\/kammerchor.kantorei.it\\\/\"},{\"@type\":\"ListItem\",\"position\":2,\"name\":\"Impressum\"}]},{\"@type\":\"WebSite\",\"@id\":\"https:\\\/\\\/kammerchor.kantorei.it\\\/#website\",\"url\":\"https:\\\/\\\/kammerchor.kantorei.it\\\/\",\"name\":\"Kammerchor Leonhard Lechner\",\"description\":\"Gries-Bozen, S\u00fcdtirol\",\"publisher\":{\"@id\":\"https:\\\/\\\/kammerchor.kantorei.it\\\/#organization\"},\"potentialAction\":[{\"@type\":\"SearchAction\",\"target\":{\"@type\":\"EntryPoint\",\"urlTemplate\":\"https:\\\/\\\/kammerchor.kantorei.it\\\/?s={search_term_string}\"},\"query-input\":{\"@type\":\"PropertyValueSpecification\",\"valueRequired\":true,\"valueName\":\"search_term_string\"}}],\"inLanguage\":\"de\"},{\"@type\":\"Organization\",\"@id\":\"https:\\\/\\\/kammerchor.kantorei.it\\\/#organization\",\"name\":\"Kammerchor Leonhard Lechner\",\"url\":\"https:\\\/\\\/kammerchor.kantorei.it\\\/\",\"logo\":{\"@type\":\"ImageObject\",\"inLanguage\":\"de\",\"@id\":\"https:\\\/\\\/kammerchor.kantorei.it\\\/#\\\/schema\\\/logo\\\/image\\\/\",\"url\":\"https:\\\/\\\/kammerchor.kantorei.it\\\/wp-content\\\/uploads\\\/2015\\\/06\\\/cropped-KKL_Website_Haeder_15-3.jpg\",\"contentUrl\":\"https:\\\/\\\/kammerchor.kantorei.it\\\/wp-content\\\/uploads\\\/2015\\\/06\\\/cropped-KKL_Website_Haeder_15-3.jpg\",\"width\":512,\"height\":512,\"caption\":\"Kammerchor Leonhard Lechner\"},\"image\":{\"@id\":\"https:\\\/\\\/kammerchor.kantorei.it\\\/#\\\/schema\\\/logo\\\/image\\\/\"},\"sameAs\":[\"https:\\\/\\\/www.facebook.com\\\/ChorLechner\\\/\",\"https:\\\/\\\/x.com\\\/ChorLechner\",\"https:\\\/\\\/www.instagram.com\\\/kammerchor_lechner\\\/\"]}]}<\/script>\n<!-- \/ Yoast SEO plugin. -->","yoast_head_json":{"title":"Impressum - Kammerchor Leonhard Lechner","robots":{"index":"index","follow":"follow","max-snippet":"max-snippet:-1","max-image-preview":"max-image-preview:large","max-video-preview":"max-video-preview:-1"},"canonical":"http:\/\/kammerchor.kantorei.it\/index.php\/impressum\/","og_locale":"de_DE","og_type":"article","og_title":"Impressum - Kammerchor Leonhard Lechner","og_description":"Kantorei Leonhard Lechner EOGrieser Platz Nr. 21 (Kloster Muri-Gries)39100 BOZENTel.: +39 338 1947120E-Mail:&nbsp;info@kantorei.itPEC: kantorei-l.lechner@pec.konmail.netWeb: www.kantorei.it Steuernummer: 800 218 20214IBAN: IT 66 T 08081 11601 000301051199&#8230;","og_url":"http:\/\/kammerchor.kantorei.it\/index.php\/impressum\/","og_site_name":"Kammerchor Leonhard Lechner","article_publisher":"https:\/\/www.facebook.com\/ChorLechner\/","article_modified_time":"2025-04-26T21:09:20+00:00","twitter_card":"summary_large_image","twitter_site":"@ChorLechner","twitter_misc":{"Gesch\u00e4tzte Lesezeit":"1\u00a0Minute"},"schema":{"@context":"https:\/\/schema.org","@graph":[{"@type":"WebPage","@id":"http:\/\/kammerchor.kantorei.it\/index.php\/impressum\/","url":"http:\/\/kammerchor.kantorei.it\/index.php\/impressum\/","name":"Impressum - Kammerchor Leonhard Lechner","isPartOf":{"@id":"https:\/\/kammerchor.kantorei.it\/#website"},"datePublished":"2025-04-18T17:14:06+00:00","dateModified":"2025-04-26T21:09:20+00:00","breadcrumb":{"@id":"http:\/\/kammerchor.kantorei.it\/index.php\/impressum\/#breadcrumb"},"inLanguage":"de","potentialAction":[{"@type":"ReadAction","target":["http:\/\/kammerchor.kantorei.it\/index.php\/impressum\/"]}]},{"@type":"BreadcrumbList","@id":"http:\/\/kammerchor.kantorei.it\/index.php\/impressum\/#breadcrumb","itemListElement":[{"@type":"ListItem","position":1,"name":"Home","item":"https:\/\/kammerchor.kantorei.it\/"},{"@type":"ListItem","position":2,"name":"Impressum"}]},{"@type":"WebSite","@id":"https:\/\/kammerchor.kantorei.it\/#website","url":"https:\/\/kammerchor.kantorei.it\/","name":"Kammerchor Leonhard Lechner","description":"Gries-Bozen, S\u00fcdtirol","publisher":{"@id":"https:\/\/kammerchor.kantorei.it\/#organization"},"potentialAction":[{"@type":"SearchAction","target":{"@type":"EntryPoint","urlTemplate":"https:\/\/kammerchor.kantorei.it\/?s={search_term_string}"},"query-input":{"@type":"PropertyValueSpecification","valueRequired":true,"valueName":"search_term_string"}}],"inLanguage":"de"},{"@type":"Organization","@id":"https:\/\/kammerchor.kantorei.it\/#organization","name":"Kammerchor Leonhard Lechner","url":"https:\/\/kammerchor.kantorei.it\/","logo":{"@type":"ImageObject","inLanguage":"de","@id":"https:\/\/kammerchor.kantorei.it\/#\/schema\/logo\/image\/","url":"https:\/\/kammerchor.kantorei.it\/wp-content\/uploads\/2015\/06\/cropped-KKL_Website_Haeder_15-3.jpg","contentUrl":"https:\/\/kammerchor.kantorei.it\/wp-content\/uploads\/2015\/06\/cropped-KKL_Website_Haeder_15-3.jpg","width":512,"height":512,"caption":"Kammerchor Leonhard Lechner"},"image":{"@id":"https:\/\/kammerchor.kantorei.it\/#\/schema\/logo\/image\/"},"sameAs":["https:\/\/www.facebook.com\/ChorLechner\/","https:\/\/x.com\/ChorLechner","https:\/\/www.instagram.com\/kammerchor_lechner\/"]}]}},"jetpack_sharing_enabled":true,"jetpack_shortlink":"https:\/\/wp.me\/Pa158u-iD","_links":{"self":[{"href":"http:\/\/kammerchor.kantorei.it\/index.php\/wp-json\/wp\/v2\/pages\/1155","targetHints":{"allow":["GET"]}}],"collection":[{"href":"http:\/\/kammerchor.kantorei.it\/index.php\/wp-json\/wp\/v2\/pages"}],"about":[{"href":"http:\/\/kammerchor.kantorei.it\/index.php\/wp-json\/wp\/v2\/types\/page"}],"author":[{"embeddable":true,"href":"http:\/\/kammerchor.kantorei.it\/index.php\/wp-json\/wp\/v2\/users\/1"}],"replies":[{"embeddable":true,"href":"http:\/\/kammerchor.kantorei.it\/index.php\/wp-json\/wp\/v2\/comments?post=1155"}],"version-history":[{"count":6,"href":"http:\/\/kammerchor.kantorei.it\/index.php\/wp-json\/wp\/v2\/pages\/1155\/revisions"}],"predecessor-version":[{"id":1187,"href":"http:\/\/kammerchor.kantorei.it\/index.php\/wp-json\/wp\/v2\/pages\/1155\/revisions\/1187"}],"wp:attachment":[{"href":"http:\/\/kammerchor.kantorei.it\/index.php\/wp-json\/wp\/v2\/media?parent=1155"}],"curies":[{"name":"wp","href":"https:\/\/api.w.org\/{rel}","templated":true}]}}